{"id":57,"date":"2024-11-03T18:40:27","date_gmt":"2024-11-03T17:40:27","guid":{"rendered":"https:\/\/sebastiengarnier.fr\/?page_id=57"},"modified":"2026-03-25T13:35:33","modified_gmt":"2026-03-25T12:35:33","slug":"mentions-legales","status":"publish","type":"page","link":"https:\/\/sebastiengarnier.fr\/en\/mentions-legales\/","title":{"rendered":"Terms of use"},"content":{"rendered":"<div data-colibri-id=\"57-c1\" class=\"style-234 style-local-57-c1 position-relative\">\n  <!---->\n  <div data-colibri-component=\"section\" data-colibri-id=\"57-c2\" data-aos=\"fadeIn\" id=\"initial-content\" class=\"h-section h-section-global-spacing d-flex align-items-lg-center align-items-md-center align-items-center style-235 style-local-57-c2 position-relative\">\n    <div class=\"background-wrapper\">\n      <div class=\"background-layer background-layer-media-container-lg\">\n        <div data-enabled=\"true\" data-colibri-component=\"parallax\" class=\"background-layer paraxify lazyload\" style=\"background-image:inherit;\" model-id=\"57-c2\" media=\"desktop\"\n          is-preview=\"true\" data-bg-image=\"url(&quot;https:\/\/sebastiengarnier.fr\/wp-content\/uploads\/2024\/11\/AdobeStock_270898888-scaled.jpeg&quot;)\"><\/div>\n      <\/div>\n      <div class=\"background-layer background-layer-media-container-md\">\n        <div data-enabled=\"true\" data-colibri-component=\"parallax\" class=\"background-layer paraxify lazyload\" style=\"background-image:inherit;\" model-id=\"57-c2\" media=\"tablet\"\n          is-preview=\"true\" data-bg-image=\"url(&quot;https:\/\/sebastiengarnier.fr\/wp-content\/uploads\/2024\/11\/AdobeStock_270898888-scaled.jpeg&quot;)\"><\/div>\n      <\/div>\n      <div class=\"background-layer background-layer-media-container\">\n        <div data-enabled=\"true\" data-colibri-component=\"parallax\" class=\"background-layer paraxify lazyload\" style=\"background-image:inherit;\" model-id=\"57-c2\" media=\"mobile\"\n          is-preview=\"true\" data-bg-image=\"url(&quot;https:\/\/sebastiengarnier.fr\/wp-content\/uploads\/2024\/11\/AdobeStock_270898888-scaled.jpeg&quot;)\"><\/div>\n      <\/div>\n    <\/div>\n    <!---->\n    <div class=\"h-section-grid-container h-section-boxed-container\">\n      <!---->\n      <div data-colibri-id=\"57-c3\" class=\"h-row-container gutters-row-lg-2 gutters-row-md-2 gutters-row-0 gutters-row-v-lg-2 gutters-row-v-md-2 gutters-row-v-2 style-236 style-local-57-c3 position-relative\">\n        <!---->\n        <div class=\"h-row justify-content-lg-center justify-content-md-center justify-content-center align-items-lg-stretch align-items-md-stretch align-items-stretch gutters-col-lg-2 gutters-col-md-2 gutters-col-0 gutters-col-v-lg-2 gutters-col-v-md-2 gutters-col-v-2\">\n          <!---->\n          <div class=\"h-column h-column-container d-flex h-col-lg-auto h-col-md-auto h-col-auto style-237-outer style-local-57-c4-outer\">\n            <div data-colibri-id=\"57-c4\" class=\"d-flex h-flex-basis h-column__inner h-px-lg-2 h-px-md-2 h-px-2 v-inner-lg-2 v-inner-md-2 v-inner-2 style-237 style-local-57-c4 position-relative\">\n              <!---->\n              <!---->\n              <div class=\"w-100 h-y-container h-column__content h-column__v-align flex-basis-100 align-self-lg-start align-self-md-start align-self-start\">\n                <!---->\n                <div data-colibri-id=\"57-c5\" data-aos=\"fadeIn\" class=\"h-text h-text-component style-247 style-local-57-c5 position-relative h-element\">\n                  <!---->\n                  <!---->\n                  <div class=\"\">\n                    <p><strong>Mentions L\u00e9gales<\/strong><\/p>\n                    <h3><strong>1. Website Publisher<\/strong><\/h3>\n                    <p>This website, accessible at www.sebastiengarnier.fr , is published by:<\/p>\n                    <p><strong>Soci\u00e9t\u00e9<\/strong> : S\u00e9bastien Garnier Lunetier\n                      <br><strong>Legal Form<\/strong> : SAS\n                      <br><strong>Publication Director<\/strong> : S\u00e9bastien Garnier\n                      <br><strong>Registered Office Address<\/strong> : 9 Avenue Piatti, le clos de diane, 06100 NICE, France\n                      <br><strong>SIRET Number<\/strong> : 93102809600010\n                      <br><strong>Phone Number<\/strong> : (Indiquez votre num\u00e9ro de contact)\n                      <br><strong>Email adress<\/strong> : me @ sebastiengarnier.fr<\/p>\n                    <h3><strong>2. Website Hosting<\/strong><\/h3>\n                    <p>The website is hosted by:<\/p>\n                    <p><strong>H\u00e9bergeur<\/strong> : Gandi SAS\n                      <br><strong>Adresse<\/strong> : 63-65 Boulevard Mass\u00e9na, 75013 Paris, France\n                      <br><strong>T\u00e9l\u00e9phone<\/strong> : +33 (0)1 70 37 76 61\n                      <br><strong>Site web<\/strong> : https:\/\/www.gandi.net<\/p>\n                    <h3><strong>3. Intellectual Property<\/strong><\/h3>\n                    <p>All elements present on this website (texts, images, logos, videos, etc.) are protected by applicable intellectual property laws and are the exclusive property of S\u00e9bastien Garnier Lunetier, unless otherwise stated.\n\nAny reproduction, representation, modification, publication, or adaptation of all or part of the website\u2019s content, by any means or process, is prohibited without the prior written authorization of the publisher.<\/p>\n                    <h3><strong>4. Limitation of Liability<\/strong><\/h3>\n                    <p>S\u00e9bastien Garnier Lunetier strives to provide information on this website that is as accurate as possible. However, the publisher cannot be held liable for any omissions, inaccuracies, or failures to update, whether caused by itself or by third-party partners who supply this information.<\/p>\n                    <h3><strong>5. Personal Data<\/strong><\/h3>\n                    <p>In accordance with the General Data Protection Regulation (GDPR) and the French Data Protection Act, the information collected via this website is intended for internal use only. This data will neither be sold nor transferred to third parties without the prior consent of users.\n\nUsers have the right to access, rectify, and delete their personal data. To exercise this right, please contact S\u00e9bastien Garnier at the following email address: me @ sebastiengarnier . fr<\/p>\n                    <h3><strong>6. Cookies<\/strong><\/h3>\n                    <p>The website uses cookies to improve the user experience and to generate visit statistics. Users can refuse cookies by modifying their browser settings.<\/p>\n                    <h3><strong>7. Governing Law and Jurisdiction<\/strong><\/h3>\n                    <p>Any dispute relating to the use of the website sebastiengarnier.fr is subject to French law. In the event of a dispute, jurisdiction is assigned to the competent courts of Nice, unless a specific jurisdiction is determined by a particular legal or regulatory provision.<\/p>\n                  <\/div>\n                <\/div>\n              <\/div>\n            <\/div>\n          <\/div>\n        <\/div>\n      <\/div>\n    <\/div>\n  <\/div>\n  <div data-colibri-component=\"section\" data-colibri-id=\"57-c6\" id=\"custom\" class=\"h-section h-section-global-spacing d-flex align-items-lg-center align-items-md-center align-items-center style-243 style-local-57-c6 position-relative\">\n    <!---->\n    <!---->\n    <div class=\"h-section-grid-container h-section-boxed-container\">\n      <!---->\n      <div data-colibri-id=\"57-c7\" class=\"h-row-container gutters-row-lg-2 gutters-row-md-2 gutters-row-0 gutters-row-v-lg-2 gutters-row-v-md-2 gutters-row-v-2 style-244 style-local-57-c7 position-relative\">\n        <!---->\n        <div class=\"h-row justify-content-lg-center justify-content-md-center justify-content-center align-items-lg-stretch align-items-md-stretch align-items-stretch gutters-col-lg-2 gutters-col-md-2 gutters-col-0 gutters-col-v-lg-2 gutters-col-v-md-2 gutters-col-v-2\">\n          <!---->\n          <div class=\"h-column h-column-container d-flex h-col-lg-auto h-col-md-auto h-col-auto style-245-outer style-local-57-c8-outer\">\n            <div data-colibri-id=\"57-c8\" class=\"d-flex h-flex-basis h-column__inner h-px-lg-2 h-px-md-2 h-px-2 v-inner-lg-2 v-inner-md-2 v-inner-2 style-245 style-local-57-c8 position-relative\">\n              <!---->\n              <!---->\n              <div class=\"w-100 h-y-container h-column__content h-column__v-align flex-basis-100 align-self-lg-start align-self-md-start align-self-start\">\n                <!---->\n                <div data-colibri-id=\"57-c9\" class=\"h-x-container style-493 style-local-57-c9 position-relative h-element\">\n                  <!---->\n                  <div class=\"h-x-container-inner style-dynamic-57-c9-group style-493-spacing style-local-57-c9-spacing\"><span class=\"h-link__outer style-494-outer style-local-57-c10-outer d-inline-flex h-element\"><a h-use-smooth-scroll=\"true\" href=\"https:\/\/sebastiengarnier.fr\/wp-content\/uploads\/2026\/03\/CGV-SERVICES-formation-reparations.pdf\" data-fancybox=\"section-group-io2uC8RYSjt5KBwrn9ECXF\"  data-colibri-id=\"57-c10\" class=\"d-flex w-100 align-items-center h-link style-494 style-local-57-c10 position-relative\"><!----><!----> <span>Terms and Conditions of Sale \u2013 Services, Repairs and Training<\/span><\/a>\n                    <\/span>\n                  <\/div>\n                <\/div>\n              <\/div>\n            <\/div>\n          <\/div>\n        <\/div>\n      <\/div>\n    <\/div>\n  <\/div>\n<\/div>","protected":false},"excerpt":{"rendered":"<p>Mentions L\u00e9gales 1. \u00c9diteur du site Le pr\u00e9sent site internet, accessible \u00e0 l\u2019adresse www.sebastiengarnier.fr, est \u00e9dit\u00e9 par : Soci\u00e9t\u00e9 : S\u00e9bastien Garnier Lunetier Forme juridique : SAS Responsable de la publication : S\u00e9bastien Garnier Adresse du si\u00e8ge social : 9 Avenue Piatti, le clos de diane, 06100 NICE, France Num\u00e9ro de SIRET : 93102809600010 Num\u00e9ro [&hellip;]<\/p>\n","protected":false},"author":1,"featured_media":0,"parent":0,"menu_order":0,"comment_status":"closed","ping_status":"closed","template":"page-templates\/full-width-page.php","meta":{"footnotes":""},"class_list":["post-57","page","type-page","status-publish","hentry"],"_links":{"self":[{"href":"https:\/\/sebastiengarnier.fr\/en\/wp-json\/wp\/v2\/pages\/57","targetHints":{"allow":["GET"]}}],"collection":[{"href":"https:\/\/sebastiengarnier.fr\/en\/wp-json\/wp\/v2\/pages"}],"about":[{"href":"https:\/\/sebastiengarnier.fr\/en\/wp-json\/wp\/v2\/types\/page"}],"author":[{"embeddable":true,"href":"https:\/\/sebastiengarnier.fr\/en\/wp-json\/wp\/v2\/users\/1"}],"replies":[{"embeddable":true,"href":"https:\/\/sebastiengarnier.fr\/en\/wp-json\/wp\/v2\/comments?post=57"}],"version-history":[{"count":10,"href":"https:\/\/sebastiengarnier.fr\/en\/wp-json\/wp\/v2\/pages\/57\/revisions"}],"predecessor-version":[{"id":1301,"href":"https:\/\/sebastiengarnier.fr\/en\/wp-json\/wp\/v2\/pages\/57\/revisions\/1301"}],"wp:attachment":[{"href":"https:\/\/sebastiengarnier.fr\/en\/wp-json\/wp\/v2\/media?parent=57"}],"curies":[{"name":"wp","href":"https:\/\/api.w.org\/{rel}","templated":true}]}}