{"id":662,"date":"2024-11-20T18:06:46","date_gmt":"2024-11-20T17:06:46","guid":{"rendered":"https:\/\/sebastiengarnier.fr\/?page_id=662"},"modified":"2026-04-01T13:52:37","modified_gmt":"2026-04-01T11:52:37","slug":"lunettes-sur-mesure","status":"publish","type":"page","link":"https:\/\/sebastiengarnier.fr\/en\/lunettes-sur-mesure\/","title":{"rendered":"Bespoke Frames, Custom made"},"content":{"rendered":"<div data-colibri-id=\"662-c1\" class=\"style-302 style-local-662-c1 position-relative\">\r\n  <!---->\r\n  <div data-colibri-component=\"section\" data-colibri-id=\"662-c2\" id=\"about\" class=\"h-section h-section-global-spacing d-flex align-items-lg-center align-items-md-center align-items-center style-304 style-local-662-c2 position-relative\">\r\n    <!---->\r\n    <!---->\r\n    <div class=\"h-section-grid-container h-section-boxed-container\">\r\n      <!---->\r\n      <div data-colibri-id=\"662-c3\" class=\"h-row-container gutters-row-lg-2 gutters-row-md-2 gutters-row-0 gutters-row-v-lg-2 gutters-row-v-md-2 gutters-row-v-2 style-319 style-local-662-c3 position-relative\">\r\n        <!---->\r\n        <div class=\"h-row justify-content-lg-center justify-content-md-center justify-content-center align-items-lg-stretch align-items-md-stretch align-items-stretch gutters-col-lg-2 gutters-col-md-2 gutters-col-0 gutters-col-v-lg-2 gutters-col-v-md-2 gutters-col-v-2\">\r\n          <!---->\r\n          <div class=\"h-column h-column-container d-flex h-col-lg-auto h-col-md-auto h-col-auto style-320-outer style-local-662-c4-outer\">\r\n            <div data-colibri-id=\"662-c4\" class=\"d-flex h-flex-basis h-column__inner h-px-lg-2 h-px-md-2 h-px-2 v-inner-lg-2 v-inner-md-2 v-inner-2 style-320 style-local-662-c4 position-relative\">\r\n              <!---->\r\n              <!---->\r\n              <div class=\"w-100 h-y-container h-column__content h-column__v-align flex-basis-100 align-self-lg-start align-self-md-start align-self-start\">\r\n                <!---->\r\n                <div data-colibri-id=\"662-c5\" class=\"h-global-transition-all h-heading style-321 style-local-662-c5 position-relative h-element\">\r\n                  <!---->\r\n                  <div class=\"h-heading__outer style-321 style-local-662-c5\">\r\n                    <!---->\r\n                    <!---->\r\n                    <h1 class=\"\"><span style=\"font-family: Cantata One;\">Bespoke Frames, Custom made<\/span><\/h1>\r\n                  <\/div>\r\n                <\/div>\r\n              <\/div>\r\n            <\/div>\r\n          <\/div>\r\n        <\/div>\r\n      <\/div>\r\n      <div data-colibri-id=\"662-c6\" class=\"h-row-container gutters-row-lg-2 gutters-row-md-2 gutters-row-2 gutters-row-v-lg-2 gutters-row-v-md-2 gutters-row-v-2 style-305 style-local-662-c6 position-relative\">\r\n        <!---->\r\n        <div class=\"h-row justify-content-lg-center justify-content-md-center justify-content-center align-items-lg-stretch align-items-md-stretch align-items-stretch gutters-col-lg-2 gutters-col-md-2 gutters-col-2 gutters-col-v-lg-2 gutters-col-v-md-2 gutters-col-v-2\">\r\n          <!---->\r\n          <div class=\"h-column h-column-container d-flex h-col-lg-auto h-col-md-auto h-col-auto style-306-outer style-local-662-c7-outer\">\r\n            <div data-colibri-id=\"662-c7\" class=\"d-flex h-flex-basis h-column__inner h-px-lg-2 h-px-md-2 h-px-2 v-inner-lg-2 v-inner-md-2 v-inner-2 style-306 style-local-662-c7 position-relative\">\r\n              <!---->\r\n              <!---->\r\n              <div class=\"w-100 h-y-container h-column__content h-column__v-align flex-basis-100 align-self-lg-center align-self-md-center align-self-center\">\r\n                <!---->\r\n                <div data-colibri-id=\"662-c8\" class=\"h-global-transition-all h-heading style-307 style-local-662-c8 position-relative h-element\">\r\n                  <!---->\r\n                  <div class=\"h-heading__outer style-307 style-local-662-c8\">\r\n                    <!---->\r\n                    <!---->\r\n                    <h2 class=\"\"><span style=\"font-family: Cantata One;\">Wear Glasses <\/span><span style=\"font-family: Cantata One; color: rgb(0, 0, 0);\">unique <\/span><span style=\"font-family: Cantata One;\">adapted to <\/span><span style=\"font-family: Cantata One; color: rgb(0, 0, 0);\">your face<\/span>\r\n                      <span\r\n                        style=\"font-family: Cantata One;\"> and <\/span><span style=\"font-family: Cantata One; font-weight: 400; color: rgb(0, 0, 0);\">your desires<\/span><\/h2>\r\n                  <\/div>\r\n                <\/div>\r\n                <div data-colibri-id=\"662-c9\" class=\"h-lead h-text h-text-component style-308 style-local-662-c9 position-relative h-element\">\r\n                  <!---->\r\n                  <!---->\r\n                  <div class=\"\">\r\n                    <h4><span style=\"font-family: Cantata One;\">A color, a shape, a replica of iconic eyewear?<\/span><span style=\"font-family: Crete Round;\"><br><\/span><\/h4>\r\n                  <\/div>\r\n                <\/div>\r\n                <div data-colibri-id=\"662-c10\" class=\"h-text h-text-component style-309 style-local-662-c10 position-relative h-element\">\r\n                  <!---->\r\n                  <!---->\r\n                  <div class=\"\">\r\n                    <p><span style=\"font-family: Cantata One; color: rgb(64, 64, 64);\">Creating a bespoke pair of glasses is an intimate and personal process that allows you to wear an object rich in meaning, with a sense of personal and understated luxury.<\/span><\/p>\r\n                    <p><span style=\"font-family: Cantata One; color: rgb(64, 64, 64);\">Bespoke, made-to-measure, semi-bespoke, custom-made, or full bespoke: all terms rooted in the tradition of tailors and shoemakers of the last century, which we will rediscover together.<br><\/span><\/p>\r\n                    <p><span style=\"font-family: Cantata One; color: rgb(64, 64, 64);\">From the first appointment to delivery, it is ideas, exchanges, and the sharing of your values that will shape your next pair of glasses.<\/span><\/p>\r\n                    <p><span style=\"font-family: Cantata One; color: rgb(64, 64, 64);\">In an age of mass consumption and production, where the individual must adapt to standardized offerings, let us rediscover the true meaning of craftsmanship and a genuine consideration of your needs and desires.<\/span><\/p>\r\n                    <p><span style=\"font-family: Cantata One; color: rgb(64, 64, 64);\">We will work together in the culture of fine craftsmanship to enhance your gaze, strengthen your presence, and assert your character and identity\u2014so you can rediscover the pleasure of truly loving your glasses.<\/span><\/p>\r\n                    <p><span style=\"font-family: Cantata One; color: rgb(64, 64, 64);\">Approximately 5 to 8 weeks are required to create your frame, during which we will take your measurements, discuss materials, style, and colors, propose one or several designs tailored to your expectations, and begin\u2014on a blank page\u2014a new chapter in your relationship with your glasses\u2026<br><\/span><\/p>\r\n                  <\/div>\r\n                <\/div>\r\n                <div data-colibri-id=\"662-c11\" class=\"h-x-container style-310 style-local-662-c11 position-relative h-element\">\r\n                  <!---->\r\n                  <div class=\"h-x-container-inner style-dynamic-662-c11-group style-310-spacing style-local-662-c11-spacing\"><span class=\"h-button__outer style-311-outer style-local-662-c12-outer d-inline-flex h-element\"><a h-use-smooth-scroll=\"true\" href=\"https:\/\/sebastiengarnier.fr\/?page_id=533\"  data-colibri-id=\"662-c12\" class=\"d-flex w-100 align-items-center h-button justify-content-lg-center justify-content-md-center justify-content-center style-311 style-local-662-c12 position-relative\"><!----><!----> <span>Let\u2019s talk about it<\/span><\/a>\r\n                    <\/span>\r\n                  <\/div>\r\n                <\/div>\r\n              <\/div>\r\n            <\/div>\r\n          <\/div>\r\n          <div class=\"h-column h-column-container d-flex h-col-lg-auto h-col-md-auto h-col-auto style-312-outer style-local-662-c13-outer\">\r\n            <div data-colibri-id=\"662-c13\" class=\"d-flex h-flex-basis h-column__inner h-px-lg-2 h-px-md-2 h-px-2 v-inner-lg-2 v-inner-md-2 v-inner-2 style-312 style-local-662-c13 position-relative\">\r\n              <!---->\r\n              <!---->\r\n              <div class=\"w-100 h-y-container h-column__content h-column__v-align flex-basis-100 align-self-lg-center align-self-md-center align-self-center\">\r\n                <!---->\r\n                <div data-colibri-id=\"662-c14\" data-aos=\"fadeIn\" class=\"h-multiple-image style-313 style-local-662-c14 position-relative h-element\">\r\n                  <!---->\r\n                  <div class=\"position-relative\">\r\n                    <div class=\"h-multiple-image-inside-container\">\r\n                      <div class=\"ratio-inner\">\r\n                        <div data-colibri-id=\"662-c15\" class=\"d-block style-314 style-local-662-c15 position-relative h-element\">\r\n                          <!---->\r\n                          <div class=\"h-image__frame-container-outer\">\r\n                            <div class=\"h-image__frame-container\">\r\n                              <!---->\r\n                              <!---->\r\n                              <img decoding=\"async\" width=\"1448\" height=\"1309\" data-src=\"https:\/\/sebastiengarnier.fr\/wp-content\/uploads\/2024\/11\/cropped-IMG_20240915_134910_736-1.webp\" class=\"style-313-images style-local-662-c14-images wp-image-667 style-314-image style-local-662-c15-image lazyload\" alt=\"\" data-srcset=\"https:\/\/sebastiengarnier.fr\/wp-content\/uploads\/2024\/11\/cropped-IMG_20240915_134910_736-1.webp 1448w, https:\/\/sebastiengarnier.fr\/wp-content\/uploads\/2024\/11\/cropped-IMG_20240915_134910_736-1-300x271.webp 300w, https:\/\/sebastiengarnier.fr\/wp-content\/uploads\/2024\/11\/cropped-IMG_20240915_134910_736-1-1024x926.webp 1024w, https:\/\/sebastiengarnier.fr\/wp-content\/uploads\/2024\/11\/cropped-IMG_20240915_134910_736-1-768x694.webp 768w\" data-sizes=\"(max-width: 1448px) 100vw, 1448px\" src=\"data:image\/svg+xml;base64,PHN2ZyB3aWR0aD0iMSIgaGVpZ2h0PSIxIiB4bWxucz0iaHR0cDovL3d3dy53My5vcmcvMjAwMC9zdmciPjwvc3ZnPg==\" style=\"--smush-placeholder-width: 1448px; --smush-placeholder-aspect-ratio: 1448\/1309;\" \/>\r\n                              <div class=\"h-image__frame h-hide-lg h-hide-md h-hide-sm style-314-frameImage style-local-662-c15-frameImage\"><\/div>\r\n                            <\/div>\r\n                          <\/div>\r\n                        <\/div>\r\n                        <div data-colibri-id=\"662-c16\" class=\"d-block style-315 style-local-662-c16 position-relative h-element\">\r\n                          <!---->\r\n                          <div class=\"h-image__frame-container-outer\">\r\n                            <div class=\"h-image__frame-container\">\r\n                              <!---->\r\n                              <!---->\r\n                              <img decoding=\"async\" width=\"844\" height=\"1586\" data-src=\"https:\/\/sebastiengarnier.fr\/wp-content\/uploads\/2024\/11\/cropped-20240811_181714-scaled-1.jpg\" class=\"style-313-images style-local-662-c14-images wp-image-669 style-315-image style-local-662-c16-image lazyload\" alt=\"\" data-srcset=\"https:\/\/sebastiengarnier.fr\/wp-content\/uploads\/2024\/11\/cropped-20240811_181714-scaled-1.jpg 844w, https:\/\/sebastiengarnier.fr\/wp-content\/uploads\/2024\/11\/cropped-20240811_181714-scaled-1-160x300.jpg 160w, https:\/\/sebastiengarnier.fr\/wp-content\/uploads\/2024\/11\/cropped-20240811_181714-scaled-1-545x1024.jpg 545w, https:\/\/sebastiengarnier.fr\/wp-content\/uploads\/2024\/11\/cropped-20240811_181714-scaled-1-768x1443.jpg 768w, https:\/\/sebastiengarnier.fr\/wp-content\/uploads\/2024\/11\/cropped-20240811_181714-scaled-1-817x1536.jpg 817w\" data-sizes=\"(max-width: 844px) 100vw, 844px\" src=\"data:image\/svg+xml;base64,PHN2ZyB3aWR0aD0iMSIgaGVpZ2h0PSIxIiB4bWxucz0iaHR0cDovL3d3dy53My5vcmcvMjAwMC9zdmciPjwvc3ZnPg==\" style=\"--smush-placeholder-width: 844px; --smush-placeholder-aspect-ratio: 844\/1586;\" \/>\r\n                              <div class=\"h-image__frame h-hide-lg h-hide-md h-hide-sm style-315-frameImage style-local-662-c16-frameImage\"><\/div>\r\n                            <\/div>\r\n                          <\/div>\r\n                        <\/div>\r\n                        <div data-colibri-id=\"662-c17\" class=\"d-block style-316 style-local-662-c17 position-relative h-element\">\r\n                          <!---->\r\n                          <div class=\"h-image__frame-container-outer\">\r\n                            <div class=\"h-image__frame-container\">\r\n                              <!---->\r\n                              <!---->\r\n                              <img decoding=\"async\" width=\"1409\" height=\"1260\" data-src=\"https:\/\/sebastiengarnier.fr\/wp-content\/uploads\/2024\/11\/cropped-20240821_104126-2-1.jpg\" class=\"style-313-images style-local-662-c14-images wp-image-666 style-316-image style-local-662-c17-image lazyload\" alt=\"\" data-srcset=\"https:\/\/sebastiengarnier.fr\/wp-content\/uploads\/2024\/11\/cropped-20240821_104126-2-1.jpg 1409w, https:\/\/sebastiengarnier.fr\/wp-content\/uploads\/2024\/11\/cropped-20240821_104126-2-1-300x268.jpg 300w, https:\/\/sebastiengarnier.fr\/wp-content\/uploads\/2024\/11\/cropped-20240821_104126-2-1-1024x916.jpg 1024w, https:\/\/sebastiengarnier.fr\/wp-content\/uploads\/2024\/11\/cropped-20240821_104126-2-1-768x687.jpg 768w\" data-sizes=\"(max-width: 1409px) 100vw, 1409px\" src=\"data:image\/svg+xml;base64,PHN2ZyB3aWR0aD0iMSIgaGVpZ2h0PSIxIiB4bWxucz0iaHR0cDovL3d3dy53My5vcmcvMjAwMC9zdmciPjwvc3ZnPg==\" style=\"--smush-placeholder-width: 1409px; --smush-placeholder-aspect-ratio: 1409\/1260;\" \/>\r\n                              <div class=\"h-image__frame h-hide-lg h-hide-md h-hide-sm style-316-frameImage style-local-662-c17-frameImage\"><\/div>\r\n                            <\/div>\r\n                          <\/div>\r\n                        <\/div>\r\n                        <div data-colibri-id=\"662-c18\" class=\"d-block style-317 style-local-662-c18 position-relative h-element\">\r\n                          <!---->\r\n                          <div class=\"h-image__frame-container-outer\">\r\n                            <div class=\"h-image__frame-container\">\r\n                              <!---->\r\n                              <!---->\r\n                              <img decoding=\"async\" width=\"1382\" height=\"2412\" data-src=\"https:\/\/sebastiengarnier.fr\/wp-content\/uploads\/2024\/11\/cropped-20240731_121932-scaled-1.jpg\" class=\"style-313-images style-local-662-c14-images wp-image-671 style-317-image style-local-662-c18-image lazyload\" alt=\"\" data-srcset=\"https:\/\/sebastiengarnier.fr\/wp-content\/uploads\/2024\/11\/cropped-20240731_121932-scaled-1.jpg 1382w, https:\/\/sebastiengarnier.fr\/wp-content\/uploads\/2024\/11\/cropped-20240731_121932-scaled-1-172x300.jpg 172w, https:\/\/sebastiengarnier.fr\/wp-content\/uploads\/2024\/11\/cropped-20240731_121932-scaled-1-587x1024.jpg 587w, https:\/\/sebastiengarnier.fr\/wp-content\/uploads\/2024\/11\/cropped-20240731_121932-scaled-1-768x1340.jpg 768w, https:\/\/sebastiengarnier.fr\/wp-content\/uploads\/2024\/11\/cropped-20240731_121932-scaled-1-880x1536.jpg 880w, https:\/\/sebastiengarnier.fr\/wp-content\/uploads\/2024\/11\/cropped-20240731_121932-scaled-1-1173x2048.jpg 1173w\" data-sizes=\"(max-width: 1382px) 100vw, 1382px\" src=\"data:image\/svg+xml;base64,PHN2ZyB3aWR0aD0iMSIgaGVpZ2h0PSIxIiB4bWxucz0iaHR0cDovL3d3dy53My5vcmcvMjAwMC9zdmciPjwvc3ZnPg==\" style=\"--smush-placeholder-width: 1382px; --smush-placeholder-aspect-ratio: 1382\/2412;\" \/>\r\n                              <div class=\"h-image__frame h-hide-lg h-hide-md h-hide-sm style-317-frameImage style-local-662-c18-frameImage\"><\/div>\r\n                            <\/div>\r\n                          <\/div>\r\n                        <\/div>\r\n                        <div data-colibri-id=\"662-c19\" class=\"d-block style-318 style-local-662-c19 position-relative h-element\">\r\n                          <!---->\r\n                          <div class=\"h-image__frame-container-outer\">\r\n                            <div class=\"h-image__frame-container\">\r\n                              <!---->\r\n                              <!---->\r\n                              <img decoding=\"async\" width=\"2560\" height=\"920\" data-src=\"https:\/\/sebastiengarnier.fr\/wp-content\/uploads\/2024\/11\/cropped-20240309_181642-scaled-1.jpg\" class=\"style-313-images style-local-662-c14-images wp-image-674 style-318-image style-local-662-c19-image lazyload\" alt=\"\" data-srcset=\"https:\/\/sebastiengarnier.fr\/wp-content\/uploads\/2024\/11\/cropped-20240309_181642-scaled-1.jpg 2560w, https:\/\/sebastiengarnier.fr\/wp-content\/uploads\/2024\/11\/cropped-20240309_181642-scaled-1-300x108.jpg 300w, https:\/\/sebastiengarnier.fr\/wp-content\/uploads\/2024\/11\/cropped-20240309_181642-scaled-1-1024x368.jpg 1024w, https:\/\/sebastiengarnier.fr\/wp-content\/uploads\/2024\/11\/cropped-20240309_181642-scaled-1-768x276.jpg 768w, https:\/\/sebastiengarnier.fr\/wp-content\/uploads\/2024\/11\/cropped-20240309_181642-scaled-1-1536x552.jpg 1536w, https:\/\/sebastiengarnier.fr\/wp-content\/uploads\/2024\/11\/cropped-20240309_181642-scaled-1-2048x736.jpg 2048w\" data-sizes=\"(max-width: 2560px) 100vw, 2560px\" src=\"data:image\/svg+xml;base64,PHN2ZyB3aWR0aD0iMSIgaGVpZ2h0PSIxIiB4bWxucz0iaHR0cDovL3d3dy53My5vcmcvMjAwMC9zdmciPjwvc3ZnPg==\" style=\"--smush-placeholder-width: 2560px; --smush-placeholder-aspect-ratio: 2560\/920;\" \/>\r\n                              <div class=\"h-image__frame h-hide-lg h-hide-md h-hide-sm style-318-frameImage style-local-662-c19-frameImage\"><\/div>\r\n                            <\/div>\r\n                          <\/div>\r\n                        <\/div>\r\n                      <\/div>\r\n                    <\/div>\r\n                  <\/div>\r\n                <\/div>\r\n              <\/div>\r\n            <\/div>\r\n          <\/div>\r\n        <\/div>\r\n      <\/div>\r\n    <\/div>\r\n  <\/div>\r\n<\/div>","protected":false},"excerpt":{"rendered":"<p>Sur Mesure Portez des lunettes uniques adapt\u00e9es \u00e0 votre visage et vos envies Une couleur, une forme, une r\u00e9plique de lunettes iconiques? R\u00e9aliser une paire de lunettes sur mesure est une d\u00e9marche intime et personnelle qui vous permettra de porter un objet riche de sens, au luxe personnel et discret. Bespoke, Mise \u00e0 taille, Petite-mesure, [&hellip;]<\/p>\n","protected":false},"author":1,"featured_media":0,"parent":0,"menu_order":0,"comment_status":"closed","ping_status":"closed","template":"page-templates\/full-width-page.php","meta":{"footnotes":""},"class_list":["post-662","page","type-page","status-publish","hentry"],"_links":{"self":[{"href":"https:\/\/sebastiengarnier.fr\/en\/wp-json\/wp\/v2\/pages\/662","targetHints":{"allow":["GET"]}}],"collection":[{"href":"https:\/\/sebastiengarnier.fr\/en\/wp-json\/wp\/v2\/pages"}],"about":[{"href":"https:\/\/sebastiengarnier.fr\/en\/wp-json\/wp\/v2\/types\/page"}],"author":[{"embeddable":true,"href":"https:\/\/sebastiengarnier.fr\/en\/wp-json\/wp\/v2\/users\/1"}],"replies":[{"embeddable":true,"href":"https:\/\/sebastiengarnier.fr\/en\/wp-json\/wp\/v2\/comments?post=662"}],"version-history":[{"count":8,"href":"https:\/\/sebastiengarnier.fr\/en\/wp-json\/wp\/v2\/pages\/662\/revisions"}],"predecessor-version":[{"id":760,"href":"https:\/\/sebastiengarnier.fr\/en\/wp-json\/wp\/v2\/pages\/662\/revisions\/760"}],"wp:attachment":[{"href":"https:\/\/sebastiengarnier.fr\/en\/wp-json\/wp\/v2\/media?parent=662"}],"curies":[{"name":"wp","href":"https:\/\/api.w.org\/{rel}","templated":true}]}}